{"id":403,"date":"2024-08-06T07:16:04","date_gmt":"2024-08-06T07:16:04","guid":{"rendered":"https:\/\/alcesti.it\/?post_type=product&#038;p=403"},"modified":"2024-11-13T08:18:51","modified_gmt":"2024-11-13T08:18:51","slug":"heila-rosso","status":"publish","type":"product","link":"http:\/\/alcesti.it\/en\/vini\/heila\/heila-rosso\/","title":{"rendered":"Red H\u00e8ila"},"content":{"rendered":"","protected":false},"excerpt":{"rendered":"<p><strong>Sicilia - Controlled Designation of Origin<\/strong><\/p>\n<p>ORGANIC WINE<br \/>\nVEGAN WINE<\/p>\n<p>It is our idea of a ready-to-drink Sicilian red wine. H\u00e9ila Rosso is a fresh blend, perfect for daily consumption, a wine that highlights the warmth, softened by the winds, typical of our region. The hand-harvested grapes are destemmed and macerated in temperature-controlled fermenters at 22\/24\u00b0C. Malolactic fermentation and aging take place in stainless steel containers.<\/p>\n<p class=\" translation-block\">In the vineyard  <br>\nYield per hectare: <strong>90 q.li<\/strong> <br> \nTraining system: <strong>trellis<\/strong>  <br>\nPruning system: <strong>guyot<\/strong><br><\/p>\n<p>The grapes were harvested from September 10th to 20th.<\/p>\n<p>During the tasting, one can notice the violet-red color and intense, lively aromas. It is a young and balanced wine. An excellent companion for Mediterranean diet dishes, risotto, and soups.<\/p>\n<p><a href=\"https:\/\/alcesti.it\/wp-content\/uploads\/2024\/09\/Scheda-Tecnica-Heila-Rosso-2021.pdf\">TECHNICAL DETAILS<\/a><\/p>","protected":false},"featured_media":753,"comment_status":"open","ping_status":"closed","template":"","meta":[],"product_cat":[43,38],"product_tag":[],"class_list":{"0":"post-403","1":"product","2":"type-product","3":"status-publish","4":"has-post-thumbnail","6":"product_cat-base","7":"product_cat-heila","9":"first","10":"instock","11":"shipping-taxable","12":"product-type-simple"},"yoast_head":"<!-- This site is optimized with the Yoast SEO plugin v23.9 - https:\/\/yoast.com\/wordpress\/plugins\/seo\/ -->\n<title>H\u00e8ila Rosso - Alcesti<\/title>\n<meta name=\"robots\" content=\"index, follow, max-snippet:-1, max-image-preview:large, max-video-preview:-1\" \/>\n<link rel=\"canonical\" href=\"http:\/\/alcesti.it\/en\/vini\/heila\/heila-rosso\/\" \/>\n<meta property=\"og:locale\" content=\"en_GB\" \/>\n<meta property=\"og:type\" content=\"article\" \/>\n<meta property=\"og:title\" content=\"H\u00e8ila Rosso - Alcesti\" \/>\n<meta property=\"og:description\" content=\"Sicilia - Denominazione di Origine Controllata  VINO BIOLOGICO VINO VEGANO  \u00c8 la nostra idea di vino rosso siciliano di pronta beva. H\u00e9ila rosso \u00e8 un blend fresco, da bere quotidianmente, un vino che esalta il calore, mitigato dai venti, tipico delle nostre zone. Le uve raccolte a mano vengono diraspate e macerate in fermentini termorogolati a 22\/24\u00b0C, la fermentazione malolattica e l\u2019affinamento avvengono in contenitori di acciaio inox.  In vigna resa per ha: 90 q.li sistema di allevamento: spalliera sistema di potatura: guyot  Le uve sono state vendemmiate dal 10 al 20 settembre  Durante la degustazione \u00e8 possibile notare il colore rosso violaceo, e sentori intensi e vivaci. \u00c8 un vino giovane ed equilibrato. Ottimo compagno per piatti della dieta mediterranea, risotto e zuppe.  SCHEDA TECNICA\" \/>\n<meta property=\"og:url\" content=\"http:\/\/alcesti.it\/en\/vini\/heila\/heila-rosso\/\" \/>\n<meta property=\"og:site_name\" content=\"Alcesti\" \/>\n<meta property=\"article:modified_time\" content=\"2024-11-13T08:18:51+00:00\" \/>\n<meta property=\"og:image\" content=\"http:\/\/alcesti.it\/wp-content\/uploads\/2024\/08\/Rosso-Sicilia-Doc.png\" \/>\n\t<meta property=\"og:image:width\" content=\"1000\" \/>\n\t<meta property=\"og:image:height\" content=\"1000\" \/>\n\t<meta property=\"og:image:type\" content=\"image\/png\" \/>\n<meta name=\"twitter:card\" content=\"summary_large_image\" \/>\n<script type=\"application\/ld+json\" class=\"yoast-schema-graph\">{\"@context\":\"https:\/\/schema.org\",\"@graph\":[{\"@type\":\"WebPage\",\"@id\":\"http:\/\/alcesti.it\/vini\/heila\/heila-rosso\/\",\"url\":\"http:\/\/alcesti.it\/vini\/heila\/heila-rosso\/\",\"name\":\"H\u00e8ila Rosso - Alcesti\",\"isPartOf\":{\"@id\":\"https:\/\/alcesti.it\/#website\"},\"primaryImageOfPage\":{\"@id\":\"http:\/\/alcesti.it\/vini\/heila\/heila-rosso\/#primaryimage\"},\"image\":{\"@id\":\"http:\/\/alcesti.it\/vini\/heila\/heila-rosso\/#primaryimage\"},\"thumbnailUrl\":\"http:\/\/alcesti.it\/wp-content\/uploads\/2024\/08\/Rosso-Sicilia-Doc.png\",\"datePublished\":\"2024-08-06T07:16:04+00:00\",\"dateModified\":\"2024-11-13T08:18:51+00:00\",\"breadcrumb\":{\"@id\":\"http:\/\/alcesti.it\/vini\/heila\/heila-rosso\/#breadcrumb\"},\"inLanguage\":\"en-GB\",\"potentialAction\":[{\"@type\":\"ReadAction\",\"target\":[\"http:\/\/alcesti.it\/vini\/heila\/heila-rosso\/\"]}]},{\"@type\":\"ImageObject\",\"inLanguage\":\"en-GB\",\"@id\":\"http:\/\/alcesti.it\/vini\/heila\/heila-rosso\/#primaryimage\",\"url\":\"http:\/\/alcesti.it\/wp-content\/uploads\/2024\/08\/Rosso-Sicilia-Doc.png\",\"contentUrl\":\"http:\/\/alcesti.it\/wp-content\/uploads\/2024\/08\/Rosso-Sicilia-Doc.png\",\"width\":1000,\"height\":1000,\"caption\":\"Heila - Rosso Sicilia DOC\"},{\"@type\":\"BreadcrumbList\",\"@id\":\"http:\/\/alcesti.it\/vini\/heila\/heila-rosso\/#breadcrumb\",\"itemListElement\":[{\"@type\":\"ListItem\",\"position\":1,\"name\":\"Home\",\"item\":\"https:\/\/alcesti.it\/\"},{\"@type\":\"ListItem\",\"position\":2,\"name\":\"Shop\",\"item\":\"http:\/\/alcesti.it\/shop\/\"},{\"@type\":\"ListItem\",\"position\":3,\"name\":\"H\u00e8ila Rosso\"}]},{\"@type\":\"WebSite\",\"@id\":\"https:\/\/alcesti.it\/#website\",\"url\":\"https:\/\/alcesti.it\/\",\"name\":\"Alcesti\",\"description\":\"\",\"publisher\":{\"@id\":\"https:\/\/alcesti.it\/#organization\"},\"potentialAction\":[{\"@type\":\"SearchAction\",\"target\":{\"@type\":\"EntryPoint\",\"urlTemplate\":\"https:\/\/alcesti.it\/?s={search_term_string}\"},\"query-input\":{\"@type\":\"PropertyValueSpecification\",\"valueRequired\":true,\"valueName\":\"search_term_string\"}}],\"inLanguage\":\"en-GB\"},{\"@type\":\"Organization\",\"@id\":\"https:\/\/alcesti.it\/#organization\",\"name\":\"Alcesti\",\"url\":\"https:\/\/alcesti.it\/\",\"logo\":{\"@type\":\"ImageObject\",\"inLanguage\":\"en-GB\",\"@id\":\"https:\/\/alcesti.it\/#\/schema\/logo\/image\/\",\"url\":\"http:\/\/alcesti.it\/wp-content\/uploads\/2024\/07\/logo_alcesti_bianco_20181.png\",\"contentUrl\":\"http:\/\/alcesti.it\/wp-content\/uploads\/2024\/07\/logo_alcesti_bianco_20181.png\",\"width\":400,\"height\":290,\"caption\":\"Alcesti\"},\"image\":{\"@id\":\"https:\/\/alcesti.it\/#\/schema\/logo\/image\/\"}}]}<\/script>\n<!-- \/ Yoast SEO plugin. -->","yoast_head_json":{"title":"H\u00e8ila Rosso - Alcesti","robots":{"index":"index","follow":"follow","max-snippet":"max-snippet:-1","max-image-preview":"max-image-preview:large","max-video-preview":"max-video-preview:-1"},"canonical":"http:\/\/alcesti.it\/en\/vini\/heila\/heila-rosso\/","og_locale":"en_GB","og_type":"article","og_title":"H\u00e8ila Rosso - Alcesti","og_description":"Sicilia - Denominazione di Origine Controllata  VINO BIOLOGICO VINO VEGANO  \u00c8 la nostra idea di vino rosso siciliano di pronta beva. H\u00e9ila rosso \u00e8 un blend fresco, da bere quotidianmente, un vino che esalta il calore, mitigato dai venti, tipico delle nostre zone. Le uve raccolte a mano vengono diraspate e macerate in fermentini termorogolati a 22\/24\u00b0C, la fermentazione malolattica e l\u2019affinamento avvengono in contenitori di acciaio inox.  In vigna resa per ha: 90 q.li sistema di allevamento: spalliera sistema di potatura: guyot  Le uve sono state vendemmiate dal 10 al 20 settembre  Durante la degustazione \u00e8 possibile notare il colore rosso violaceo, e sentori intensi e vivaci. \u00c8 un vino giovane ed equilibrato. Ottimo compagno per piatti della dieta mediterranea, risotto e zuppe.  SCHEDA TECNICA","og_url":"http:\/\/alcesti.it\/en\/vini\/heila\/heila-rosso\/","og_site_name":"Alcesti","article_modified_time":"2024-11-13T08:18:51+00:00","og_image":[{"width":1000,"height":1000,"url":"http:\/\/alcesti.it\/wp-content\/uploads\/2024\/08\/Rosso-Sicilia-Doc.png","type":"image\/png"}],"twitter_card":"summary_large_image","schema":{"@context":"https:\/\/schema.org","@graph":[{"@type":"WebPage","@id":"http:\/\/alcesti.it\/vini\/heila\/heila-rosso\/","url":"http:\/\/alcesti.it\/vini\/heila\/heila-rosso\/","name":"H\u00e8ila Rosso - Alcesti","isPartOf":{"@id":"https:\/\/alcesti.it\/#website"},"primaryImageOfPage":{"@id":"http:\/\/alcesti.it\/vini\/heila\/heila-rosso\/#primaryimage"},"image":{"@id":"http:\/\/alcesti.it\/vini\/heila\/heila-rosso\/#primaryimage"},"thumbnailUrl":"http:\/\/alcesti.it\/wp-content\/uploads\/2024\/08\/Rosso-Sicilia-Doc.png","datePublished":"2024-08-06T07:16:04+00:00","dateModified":"2024-11-13T08:18:51+00:00","breadcrumb":{"@id":"http:\/\/alcesti.it\/vini\/heila\/heila-rosso\/#breadcrumb"},"inLanguage":"en-GB","potentialAction":[{"@type":"ReadAction","target":["http:\/\/alcesti.it\/vini\/heila\/heila-rosso\/"]}]},{"@type":"ImageObject","inLanguage":"en-GB","@id":"http:\/\/alcesti.it\/vini\/heila\/heila-rosso\/#primaryimage","url":"http:\/\/alcesti.it\/wp-content\/uploads\/2024\/08\/Rosso-Sicilia-Doc.png","contentUrl":"http:\/\/alcesti.it\/wp-content\/uploads\/2024\/08\/Rosso-Sicilia-Doc.png","width":1000,"height":1000,"caption":"Heila - Rosso Sicilia DOC"},{"@type":"BreadcrumbList","@id":"http:\/\/alcesti.it\/vini\/heila\/heila-rosso\/#breadcrumb","itemListElement":[{"@type":"ListItem","position":1,"name":"Home","item":"https:\/\/alcesti.it\/"},{"@type":"ListItem","position":2,"name":"Shop","item":"http:\/\/alcesti.it\/shop\/"},{"@type":"ListItem","position":3,"name":"H\u00e8ila Rosso"}]},{"@type":"WebSite","@id":"https:\/\/alcesti.it\/#website","url":"https:\/\/alcesti.it\/","name":"Alcesti","description":"","publisher":{"@id":"https:\/\/alcesti.it\/#organization"},"potentialAction":[{"@type":"SearchAction","target":{"@type":"EntryPoint","urlTemplate":"https:\/\/alcesti.it\/?s={search_term_string}"},"query-input":{"@type":"PropertyValueSpecification","valueRequired":true,"valueName":"search_term_string"}}],"inLanguage":"en-GB"},{"@type":"Organization","@id":"https:\/\/alcesti.it\/#organization","name":"Alcesti","url":"https:\/\/alcesti.it\/","logo":{"@type":"ImageObject","inLanguage":"en-GB","@id":"https:\/\/alcesti.it\/#\/schema\/logo\/image\/","url":"http:\/\/alcesti.it\/wp-content\/uploads\/2024\/07\/logo_alcesti_bianco_20181.png","contentUrl":"http:\/\/alcesti.it\/wp-content\/uploads\/2024\/07\/logo_alcesti_bianco_20181.png","width":400,"height":290,"caption":"Alcesti"},"image":{"@id":"https:\/\/alcesti.it\/#\/schema\/logo\/image\/"}}]}},"_links":{"self":[{"href":"http:\/\/alcesti.it\/en\/wp-json\/wp\/v2\/product\/403","targetHints":{"allow":["GET"]}}],"collection":[{"href":"http:\/\/alcesti.it\/en\/wp-json\/wp\/v2\/product"}],"about":[{"href":"http:\/\/alcesti.it\/en\/wp-json\/wp\/v2\/types\/product"}],"replies":[{"embeddable":true,"href":"http:\/\/alcesti.it\/en\/wp-json\/wp\/v2\/comments?post=403"}],"wp:featuredmedia":[{"embeddable":true,"href":"http:\/\/alcesti.it\/en\/wp-json\/wp\/v2\/media\/753"}],"wp:attachment":[{"href":"http:\/\/alcesti.it\/en\/wp-json\/wp\/v2\/media?parent=403"}],"wp:term":[{"taxonomy":"product_cat","embeddable":true,"href":"http:\/\/alcesti.it\/en\/wp-json\/wp\/v2\/product_cat?post=403"},{"taxonomy":"product_tag","embeddable":true,"href":"http:\/\/alcesti.it\/en\/wp-json\/wp\/v2\/product_tag?post=403"}],"curies":[{"name":"wp","href":"https:\/\/api.w.org\/{rel}","templated":true}]}}