{"id":407,"date":"2024-08-06T07:36:28","date_gmt":"2024-08-06T07:36:28","guid":{"rendered":"https:\/\/alcesti.it\/?post_type=product&#038;p=407"},"modified":"2024-11-13T08:19:26","modified_gmt":"2024-11-13T08:19:26","slug":"heila-bianco","status":"publish","type":"product","link":"http:\/\/alcesti.it\/en\/vini\/heila\/heila-bianco\/","title":{"rendered":"White H\u00e8ila"},"content":{"rendered":"","protected":false},"excerpt":{"rendered":"<p><strong>Sicilia - Controlled Designation of Origin<\/strong><\/p>\n<p>ORGANIC WINE<br \/>\nVEGAN WINE<\/p>\n<p>It is our idea of a ready-to-drink Sicilian white wine. H\u00e9ila Bianco is a fresh blend, perfect for accompanying appetizers, a wine that highlights the warmth, softened by the winds, typical of our region. The grapes are hand-harvested, the musts are fermented at controlled temperatures, and the wine is aged in stainless steel tanks.<\/p>\n<p>In vigna<br \/>\nresa per ha: <strong>100 q.li<\/strong><br \/>\nsistema di allevamento: <strong>spalliera<\/strong><br \/>\nsistema di potatura: <strong>guyot<\/strong><\/p>\n<p>The grapes were harvested from September 1st to 8th.<\/p>\n<p>During the tasting, one can notice the lively straw yellow color and typical aromas of fresh Mediterranean fruit. It is a young and perfectly balanced wine. An excellent companion for appetizers, first courses of the Mediterranean diet, salads, and grilled seasonal vegetables.<\/p>\n<p><strong>Alc.\/vol 12%<\/strong><\/p>\n<p><a href=\"http:\/\/alcesti.it\/wp-content\/uploads\/2024\/09\/Scheda-Tecnica-Heila-Bianco-2022.pdf\">TECHNICAL DETAILS<\/a><\/p>","protected":false},"featured_media":758,"comment_status":"open","ping_status":"closed","template":"","meta":[],"product_cat":[43,38],"product_tag":[],"class_list":{"0":"post-407","1":"product","2":"type-product","3":"status-publish","4":"has-post-thumbnail","6":"product_cat-base","7":"product_cat-heila","9":"first","10":"instock","11":"shipping-taxable","12":"product-type-simple"},"yoast_head":"<!-- This site is optimized with the Yoast SEO plugin v23.9 - https:\/\/yoast.com\/wordpress\/plugins\/seo\/ -->\n<title>H\u00e8ila Bianco - Alcesti<\/title>\n<meta name=\"robots\" content=\"index, follow, max-snippet:-1, max-image-preview:large, max-video-preview:-1\" \/>\n<link rel=\"canonical\" href=\"http:\/\/alcesti.it\/en\/vini\/heila\/heila-bianco\/\" \/>\n<meta property=\"og:locale\" content=\"en_GB\" \/>\n<meta property=\"og:type\" content=\"article\" \/>\n<meta property=\"og:title\" content=\"H\u00e8ila Bianco - Alcesti\" \/>\n<meta property=\"og:description\" content=\"Sicilia - Denominazione di Origine Controllata  VINO BIOLOGICO VINO VEGANO  \u00c8 la nostra idea di vino bianco siciliano di pronta beva. H\u00e9ila bianco \u00e8 un blend fresco, fantastico per accompagnare gli aperitivi, un vino che esalta il calore, mitigato dai venti, tipico delle nostre zone. Le uve sono raccolte a mano, i mosti vengono fermentati a temperatura controllata, il vino viene affinato in serbatoi di acciaio inox.  In vigna resa per ha: 100 q.li sistema di allevamento: spalliera sistema di potatura: guyot  Le uve sono state vendemmiate dall\u20191 all\u20198 settembre  Durante la degustazione \u00e8 possibile notare il colore giallo paglierino vivace e sentori tipici di frutta fresca mediterranea. \u00c8 un vino giovane e perfettamente armonico. Ottimo compagno per aperitivi, primi piatti della dieta mediterranea, insalate, grigliate di verdure di stagione.  Alc.\/vol 12%  SCHEDA TECNICA\" \/>\n<meta property=\"og:url\" content=\"http:\/\/alcesti.it\/en\/vini\/heila\/heila-bianco\/\" \/>\n<meta property=\"og:site_name\" content=\"Alcesti\" \/>\n<meta property=\"article:modified_time\" content=\"2024-11-13T08:19:26+00:00\" \/>\n<meta property=\"og:image\" content=\"http:\/\/alcesti.it\/wp-content\/uploads\/2024\/08\/biancoSicilia-Doc.png\" \/>\n\t<meta property=\"og:image:width\" content=\"1000\" \/>\n\t<meta property=\"og:image:height\" content=\"1000\" \/>\n\t<meta property=\"og:image:type\" content=\"image\/png\" \/>\n<meta name=\"twitter:card\" content=\"summary_large_image\" \/>\n<script type=\"application\/ld+json\" class=\"yoast-schema-graph\">{\"@context\":\"https:\/\/schema.org\",\"@graph\":[{\"@type\":\"WebPage\",\"@id\":\"http:\/\/alcesti.it\/en\/vini\/heila\/heila-bianco\/\",\"url\":\"http:\/\/alcesti.it\/en\/vini\/heila\/heila-bianco\/\",\"name\":\"H\u00e8ila Bianco - Alcesti\",\"isPartOf\":{\"@id\":\"https:\/\/alcesti.it\/#website\"},\"primaryImageOfPage\":{\"@id\":\"http:\/\/alcesti.it\/en\/vini\/heila\/heila-bianco\/#primaryimage\"},\"image\":{\"@id\":\"http:\/\/alcesti.it\/en\/vini\/heila\/heila-bianco\/#primaryimage\"},\"thumbnailUrl\":\"http:\/\/alcesti.it\/wp-content\/uploads\/2024\/08\/biancoSicilia-Doc.png\",\"datePublished\":\"2024-08-06T07:36:28+00:00\",\"dateModified\":\"2024-11-13T08:19:26+00:00\",\"breadcrumb\":{\"@id\":\"http:\/\/alcesti.it\/en\/vini\/heila\/heila-bianco\/#breadcrumb\"},\"inLanguage\":\"en-GB\",\"potentialAction\":[{\"@type\":\"ReadAction\",\"target\":[\"http:\/\/alcesti.it\/en\/vini\/heila\/heila-bianco\/\"]}]},{\"@type\":\"ImageObject\",\"inLanguage\":\"en-GB\",\"@id\":\"http:\/\/alcesti.it\/en\/vini\/heila\/heila-bianco\/#primaryimage\",\"url\":\"http:\/\/alcesti.it\/wp-content\/uploads\/2024\/08\/biancoSicilia-Doc.png\",\"contentUrl\":\"http:\/\/alcesti.it\/wp-content\/uploads\/2024\/08\/biancoSicilia-Doc.png\",\"width\":1000,\"height\":1000,\"caption\":\"Heila - Bianco Sicilia DOC\"},{\"@type\":\"BreadcrumbList\",\"@id\":\"http:\/\/alcesti.it\/en\/vini\/heila\/heila-bianco\/#breadcrumb\",\"itemListElement\":[{\"@type\":\"ListItem\",\"position\":1,\"name\":\"Home\",\"item\":\"https:\/\/alcesti.it\/\"},{\"@type\":\"ListItem\",\"position\":2,\"name\":\"Shop\",\"item\":\"http:\/\/alcesti.it\/shop\/\"},{\"@type\":\"ListItem\",\"position\":3,\"name\":\"H\u00e8ila Bianco\"}]},{\"@type\":\"WebSite\",\"@id\":\"https:\/\/alcesti.it\/#website\",\"url\":\"https:\/\/alcesti.it\/\",\"name\":\"Alcesti\",\"description\":\"\",\"publisher\":{\"@id\":\"https:\/\/alcesti.it\/#organization\"},\"potentialAction\":[{\"@type\":\"SearchAction\",\"target\":{\"@type\":\"EntryPoint\",\"urlTemplate\":\"https:\/\/alcesti.it\/?s={search_term_string}\"},\"query-input\":{\"@type\":\"PropertyValueSpecification\",\"valueRequired\":true,\"valueName\":\"search_term_string\"}}],\"inLanguage\":\"en-GB\"},{\"@type\":\"Organization\",\"@id\":\"https:\/\/alcesti.it\/#organization\",\"name\":\"Alcesti\",\"url\":\"https:\/\/alcesti.it\/\",\"logo\":{\"@type\":\"ImageObject\",\"inLanguage\":\"en-GB\",\"@id\":\"https:\/\/alcesti.it\/#\/schema\/logo\/image\/\",\"url\":\"http:\/\/alcesti.it\/wp-content\/uploads\/2024\/07\/logo_alcesti_bianco_20181.png\",\"contentUrl\":\"http:\/\/alcesti.it\/wp-content\/uploads\/2024\/07\/logo_alcesti_bianco_20181.png\",\"width\":400,\"height\":290,\"caption\":\"Alcesti\"},\"image\":{\"@id\":\"https:\/\/alcesti.it\/#\/schema\/logo\/image\/\"}}]}<\/script>\n<!-- \/ Yoast SEO plugin. -->","yoast_head_json":{"title":"H\u00e8ila Bianco - Alcesti","robots":{"index":"index","follow":"follow","max-snippet":"max-snippet:-1","max-image-preview":"max-image-preview:large","max-video-preview":"max-video-preview:-1"},"canonical":"http:\/\/alcesti.it\/en\/vini\/heila\/heila-bianco\/","og_locale":"en_GB","og_type":"article","og_title":"H\u00e8ila Bianco - Alcesti","og_description":"Sicilia - Denominazione di Origine Controllata  VINO BIOLOGICO VINO VEGANO  \u00c8 la nostra idea di vino bianco siciliano di pronta beva. H\u00e9ila bianco \u00e8 un blend fresco, fantastico per accompagnare gli aperitivi, un vino che esalta il calore, mitigato dai venti, tipico delle nostre zone. Le uve sono raccolte a mano, i mosti vengono fermentati a temperatura controllata, il vino viene affinato in serbatoi di acciaio inox.  In vigna resa per ha: 100 q.li sistema di allevamento: spalliera sistema di potatura: guyot  Le uve sono state vendemmiate dall\u20191 all\u20198 settembre  Durante la degustazione \u00e8 possibile notare il colore giallo paglierino vivace e sentori tipici di frutta fresca mediterranea. \u00c8 un vino giovane e perfettamente armonico. Ottimo compagno per aperitivi, primi piatti della dieta mediterranea, insalate, grigliate di verdure di stagione.  Alc.\/vol 12%  SCHEDA TECNICA","og_url":"http:\/\/alcesti.it\/en\/vini\/heila\/heila-bianco\/","og_site_name":"Alcesti","article_modified_time":"2024-11-13T08:19:26+00:00","og_image":[{"width":1000,"height":1000,"url":"http:\/\/alcesti.it\/wp-content\/uploads\/2024\/08\/biancoSicilia-Doc.png","type":"image\/png"}],"twitter_card":"summary_large_image","schema":{"@context":"https:\/\/schema.org","@graph":[{"@type":"WebPage","@id":"http:\/\/alcesti.it\/en\/vini\/heila\/heila-bianco\/","url":"http:\/\/alcesti.it\/en\/vini\/heila\/heila-bianco\/","name":"H\u00e8ila Bianco - Alcesti","isPartOf":{"@id":"https:\/\/alcesti.it\/#website"},"primaryImageOfPage":{"@id":"http:\/\/alcesti.it\/en\/vini\/heila\/heila-bianco\/#primaryimage"},"image":{"@id":"http:\/\/alcesti.it\/en\/vini\/heila\/heila-bianco\/#primaryimage"},"thumbnailUrl":"http:\/\/alcesti.it\/wp-content\/uploads\/2024\/08\/biancoSicilia-Doc.png","datePublished":"2024-08-06T07:36:28+00:00","dateModified":"2024-11-13T08:19:26+00:00","breadcrumb":{"@id":"http:\/\/alcesti.it\/en\/vini\/heila\/heila-bianco\/#breadcrumb"},"inLanguage":"en-GB","potentialAction":[{"@type":"ReadAction","target":["http:\/\/alcesti.it\/en\/vini\/heila\/heila-bianco\/"]}]},{"@type":"ImageObject","inLanguage":"en-GB","@id":"http:\/\/alcesti.it\/en\/vini\/heila\/heila-bianco\/#primaryimage","url":"http:\/\/alcesti.it\/wp-content\/uploads\/2024\/08\/biancoSicilia-Doc.png","contentUrl":"http:\/\/alcesti.it\/wp-content\/uploads\/2024\/08\/biancoSicilia-Doc.png","width":1000,"height":1000,"caption":"Heila - Bianco Sicilia DOC"},{"@type":"BreadcrumbList","@id":"http:\/\/alcesti.it\/en\/vini\/heila\/heila-bianco\/#breadcrumb","itemListElement":[{"@type":"ListItem","position":1,"name":"Home","item":"https:\/\/alcesti.it\/"},{"@type":"ListItem","position":2,"name":"Shop","item":"http:\/\/alcesti.it\/shop\/"},{"@type":"ListItem","position":3,"name":"H\u00e8ila Bianco"}]},{"@type":"WebSite","@id":"https:\/\/alcesti.it\/#website","url":"https:\/\/alcesti.it\/","name":"Alcesti","description":"","publisher":{"@id":"https:\/\/alcesti.it\/#organization"},"potentialAction":[{"@type":"SearchAction","target":{"@type":"EntryPoint","urlTemplate":"https:\/\/alcesti.it\/?s={search_term_string}"},"query-input":{"@type":"PropertyValueSpecification","valueRequired":true,"valueName":"search_term_string"}}],"inLanguage":"en-GB"},{"@type":"Organization","@id":"https:\/\/alcesti.it\/#organization","name":"Alcesti","url":"https:\/\/alcesti.it\/","logo":{"@type":"ImageObject","inLanguage":"en-GB","@id":"https:\/\/alcesti.it\/#\/schema\/logo\/image\/","url":"http:\/\/alcesti.it\/wp-content\/uploads\/2024\/07\/logo_alcesti_bianco_20181.png","contentUrl":"http:\/\/alcesti.it\/wp-content\/uploads\/2024\/07\/logo_alcesti_bianco_20181.png","width":400,"height":290,"caption":"Alcesti"},"image":{"@id":"https:\/\/alcesti.it\/#\/schema\/logo\/image\/"}}]}},"_links":{"self":[{"href":"http:\/\/alcesti.it\/en\/wp-json\/wp\/v2\/product\/407","targetHints":{"allow":["GET"]}}],"collection":[{"href":"http:\/\/alcesti.it\/en\/wp-json\/wp\/v2\/product"}],"about":[{"href":"http:\/\/alcesti.it\/en\/wp-json\/wp\/v2\/types\/product"}],"replies":[{"embeddable":true,"href":"http:\/\/alcesti.it\/en\/wp-json\/wp\/v2\/comments?post=407"}],"wp:featuredmedia":[{"embeddable":true,"href":"http:\/\/alcesti.it\/en\/wp-json\/wp\/v2\/media\/758"}],"wp:attachment":[{"href":"http:\/\/alcesti.it\/en\/wp-json\/wp\/v2\/media?parent=407"}],"wp:term":[{"taxonomy":"product_cat","embeddable":true,"href":"http:\/\/alcesti.it\/en\/wp-json\/wp\/v2\/product_cat?post=407"},{"taxonomy":"product_tag","embeddable":true,"href":"http:\/\/alcesti.it\/en\/wp-json\/wp\/v2\/product_tag?post=407"}],"curies":[{"name":"wp","href":"https:\/\/api.w.org\/{rel}","templated":true}]}}